{"id":9,"date":"2018-10-15T20:00:07","date_gmt":"2018-10-15T20:00:07","guid":{"rendered":"http:\/\/silentflight-desie.eu\/?page_id=9"},"modified":"2023-04-16T13:50:39","modified_gmt":"2023-04-16T13:50:39","slug":"antrieb","status":"publish","type":"page","link":"https:\/\/silentflight-desie.eu\/en\/antrieb\/","title":{"rendered":"Propulsion"},"content":{"rendered":"<p>Der Antrieb besteht aus zwei sogenannten Au\u00dfenl\u00e4ufer-Motoren mit jeweils 15 kW Leistung. Der ganze Antrieb ist dabei extrem auf Gewichtseffizienz optimiert, wie am Beispiel der Zahnscheibe zu erkennen ist.<\/p>\n\n\n<div class=\"wp-block-image\">\n<figure class=\"aligncenter\"><a href=\"http:\/\/silentflight-desie.eu\/wp-content\/uploads\/2020\/04\/Antrieb_neu_voll-scaled.jpg\"><img loading=\"lazy\" decoding=\"async\" width=\"1024\" height=\"683\" src=\"http:\/\/silentflight-desie.eu\/wp-content\/uploads\/2020\/04\/Antrieb_neu_klein-1024x683.jpg\" alt=\"\" class=\"wp-image-157\" srcset=\"https:\/\/silentflight-desie.eu\/wp-content\/uploads\/2020\/04\/Antrieb_neu_klein-1024x683.jpg 1024w, https:\/\/silentflight-desie.eu\/wp-content\/uploads\/2020\/04\/Antrieb_neu_klein-300x200.jpg 300w, https:\/\/silentflight-desie.eu\/wp-content\/uploads\/2020\/04\/Antrieb_neu_klein-768x512.jpg 768w, https:\/\/silentflight-desie.eu\/wp-content\/uploads\/2020\/04\/Antrieb_neu_klein-1536x1024.jpg 1536w, https:\/\/silentflight-desie.eu\/wp-content\/uploads\/2020\/04\/Antrieb_neu_klein-2048x1365.jpg 2048w\" sizes=\"auto, (max-width: 706px) 89vw, (max-width: 767px) 82vw, 740px\" \/><\/a><figcaption class=\"wp-element-caption\">Antriebseinheit mit zwei Motoren und Stellern<\/figcaption><\/figure>\n<\/div>\n\n\n<p><span class=\"xr_tl xr_kern xr_s30\"><span class=\"xr_s30\">At the time of inception of the first concept (1996) there were no motors and controllers available with the required performance. Therefore the first drive was to be a combination of 6 Motors joined on a single shaft via belts. Our propeller has a peak efficiency of up to 91%. Constructed by J. Arnold (at DLR G\u00f6ttingen) and manufactured by \"HELIX-Propeller\".<\/span><\/span><\/p>\n\n\n\n<figure class=\"wp-block-video\"><video controls src=\"http:\/\/silentflight-desie.eu\/wp-content\/uploads\/2018\/10\/Propstart.mp4\"><\/video><\/figure>\n\n\n\n<p class=\"has-text-align-center\"><em>Pr\u00fcfstandslauf mit je 2 parallel&nbsp; und 2 in Serie gekoppelten 3,5kW Motoren<br><\/em><\/p>\n\n\n\n<hr class=\"wp-block-separator has-css-opacity\"\/>\n\n\n\n<p>Inzwischen wurden die sechs Servomotoren durch oben zu sehende kr\u00e4ftigere Au\u00dfenl\u00e4ufer-Motoren ersetzt und gleichzeitig die verf\u00fcgbare Dauerwellenleistung von 15 auf 25kW erh\u00f6ht.<\/p>","protected":false},"excerpt":{"rendered":"<p>Der Antrieb besteht aus zwei sogenannten Au\u00dfenl\u00e4ufer-Motoren mit jeweils 15 kW Leistung. Der ganze Antrieb ist dabei extrem auf Gewichtseffizienz optimiert, wie am Beispiel der Zahnscheibe zu erkennen ist. Zur Zeit des Entwurfs (1996) gab es noch keine ausreichend leistungsstarken Motoren und Drehzahlsteller wie sie heute verf\u00fcgbar sind. Daraus resultierte das urspr\u00fcngliche 6-Motoren Konzept mit &hellip; <\/p>\n<p class=\"link-more\"><a href=\"https:\/\/silentflight-desie.eu\/en\/antrieb\/\" class=\"more-link\">Continue reading<span class=\"screen-reader-text\"> &#8222;Antrieb&#8220;<\/span><\/a><\/p>","protected":false},"author":1,"featured_media":0,"parent":0,"menu_order":0,"comment_status":"closed","ping_status":"closed","template":"","meta":{"footnotes":""},"class_list":["post-9","page","type-page","status-publish","hentry"],"_links":{"self":[{"href":"https:\/\/silentflight-desie.eu\/en\/wp-json\/wp\/v2\/pages\/9","targetHints":{"allow":["GET"]}}],"collection":[{"href":"https:\/\/silentflight-desie.eu\/en\/wp-json\/wp\/v2\/pages"}],"about":[{"href":"https:\/\/silentflight-desie.eu\/en\/wp-json\/wp\/v2\/types\/page"}],"author":[{"embeddable":true,"href":"https:\/\/silentflight-desie.eu\/en\/wp-json\/wp\/v2\/users\/1"}],"replies":[{"embeddable":true,"href":"https:\/\/silentflight-desie.eu\/en\/wp-json\/wp\/v2\/comments?post=9"}],"version-history":[{"count":23,"href":"https:\/\/silentflight-desie.eu\/en\/wp-json\/wp\/v2\/pages\/9\/revisions"}],"predecessor-version":[{"id":247,"href":"https:\/\/silentflight-desie.eu\/en\/wp-json\/wp\/v2\/pages\/9\/revisions\/247"}],"wp:attachment":[{"href":"https:\/\/silentflight-desie.eu\/en\/wp-json\/wp\/v2\/media?parent=9"}],"curies":[{"name":"wp","href":"https:\/\/api.w.org\/{rel}","templated":true}]}}