{"id":8,"date":"2018-10-15T20:00:07","date_gmt":"2018-10-15T20:00:07","guid":{"rendered":"http:\/\/silentflight-desie.eu\/?page_id=8"},"modified":"2023-04-16T13:37:19","modified_gmt":"2023-04-16T13:37:19","slug":"sicherheit","status":"publish","type":"page","link":"https:\/\/silentflight-desie.eu\/en\/sicherheit\/","title":{"rendered":"Safety"},"content":{"rendered":"<p class=\"translation-block\"><span class=\"xr_tl xr_kern xr_s51\"><span class=\"xr_s51\">DESiE wurde konsequent auf sicheres Flugver<\/span><\/span><span class=\"xr_tl xr_kern xr_s51\"><span class=\"xr_s51\">halten hin entwickelt. Bei Unterschreiten der Mindestgeschwindigkeit verringert das Flugzeug automatisch den Anstellwinkel, bis die Fluggeschwindigkeit wieder \u00fcber dem Mindestwert liegt. Dies geschieht da der Auftrieb zuerst am Vorderfl\u00fcgel nachl\u00e4sst, sodass es nicht zu einem Str\u00f6mungsabriss am Hauptfl\u00fcgel kommen kann.<\/span><\/span><span class=\"xr_tl xr_kern xr_s51\"><span class=\"xr_s51\"><br>\r\n<\/span><\/span><\/p>\n<p class=\"translation-block\">Additionally, a ballistic parachute is integrated. In case of an emergency it can be deployed to let the plane descend safely on a parachute. It is located in the front section of the main wing root. Ground tests have been carried out on a runway in North Rhine-Westphalia.<\/p>\n<figure id=\"attachment_43\" aria-describedby=\"caption-attachment-43\" style=\"width: 623px\" class=\"wp-caption aligncenter\"><a href=\"https:\/\/silentflight-desie.eu\/wp-content\/uploads\/2023\/04\/Ausschuss_edit-scaled.jpg\"><img loading=\"lazy\" decoding=\"async\" class=\"wp-image-43\" src=\"http:\/\/silentflight-desie.eu\/wp-content\/uploads\/2018\/10\/Rettungssystem_Ausschuss.jpg\" alt=\"\" width=\"623\" height=\"343\" srcset=\"https:\/\/silentflight-desie.eu\/wp-content\/uploads\/2018\/10\/Rettungssystem_Ausschuss.jpg 412w, https:\/\/silentflight-desie.eu\/wp-content\/uploads\/2018\/10\/Rettungssystem_Ausschuss-300x165.jpg 300w\" sizes=\"auto, (max-width: 623px) 100vw, 623px\" \/><\/a><figcaption id=\"caption-attachment-43\" class=\"wp-caption-text\">Test firing of the ballistic parachute in collaboration with university of applied sciences Aachen<\/figcaption><\/figure>\n<p><span class=\"xr_tl xr_kern xr_s51\"><span class=\"xr_s51\">\u00a0<\/span><\/span><\/p>","protected":false},"excerpt":{"rendered":"<p>DESiE wurde konsequent auf sicheres Flugverhalten hin entwickelt. Bei Unterschreiten der Mindestgeschwindigkeit verringert das Flugzeug automatisch den Anstellwinkel, bis die Fluggeschwindigkeit wieder \u00fcber dem Mindestwert liegt. Dies geschieht da der Auftrieb zuerst am Vorderfl\u00fcgel nachl\u00e4sst, sodass es nicht zu einem Str\u00f6mungsabriss am Hauptfl\u00fcgel kommen kann. Zus\u00e4tzlich ist ein Gesamtrettungssystem integriert. Bei Ausl\u00f6sung in einer Notlage &hellip; <\/p>\n<p class=\"link-more\"><a href=\"https:\/\/silentflight-desie.eu\/en\/sicherheit\/\" class=\"more-link\">Continue reading<span class=\"screen-reader-text\"> &#8222;Sicherheit&#8220;<\/span><\/a><\/p>","protected":false},"author":1,"featured_media":0,"parent":0,"menu_order":0,"comment_status":"closed","ping_status":"closed","template":"","meta":{"footnotes":""},"class_list":["post-8","page","type-page","status-publish","hentry"],"_links":{"self":[{"href":"https:\/\/silentflight-desie.eu\/en\/wp-json\/wp\/v2\/pages\/8","targetHints":{"allow":["GET"]}}],"collection":[{"href":"https:\/\/silentflight-desie.eu\/en\/wp-json\/wp\/v2\/pages"}],"about":[{"href":"https:\/\/silentflight-desie.eu\/en\/wp-json\/wp\/v2\/types\/page"}],"author":[{"embeddable":true,"href":"https:\/\/silentflight-desie.eu\/en\/wp-json\/wp\/v2\/users\/1"}],"replies":[{"embeddable":true,"href":"https:\/\/silentflight-desie.eu\/en\/wp-json\/wp\/v2\/comments?post=8"}],"version-history":[{"count":14,"href":"https:\/\/silentflight-desie.eu\/en\/wp-json\/wp\/v2\/pages\/8\/revisions"}],"predecessor-version":[{"id":241,"href":"https:\/\/silentflight-desie.eu\/en\/wp-json\/wp\/v2\/pages\/8\/revisions\/241"}],"wp:attachment":[{"href":"https:\/\/silentflight-desie.eu\/en\/wp-json\/wp\/v2\/media?parent=8"}],"curies":[{"name":"wp","href":"https:\/\/api.w.org\/{rel}","templated":true}]}}