{"id":7,"date":"2018-10-15T20:00:07","date_gmt":"2018-10-15T20:00:07","guid":{"rendered":"http:\/\/silentflight-desie.eu\/?page_id=7"},"modified":"2021-04-01T11:43:09","modified_gmt":"2021-04-01T11:43:09","slug":"aerodynamik-und-steuerung","status":"publish","type":"page","link":"https:\/\/silentflight-desie.eu\/en\/aerodynamik-und-steuerung\/","title":{"rendered":"Aerodynamik und Steuerung"},"content":{"rendered":"<p><span class=\"xr_tl xr_kern xr_s44\"><span class=\"xr_s44\">Unser Flugzeug wurde mit verschiedenen Computerprogrammen auf geringstes Sinken optimiert, um mit minimaler Leistung gro\u00dfe Strecken zur\u00fcckzulegen. <\/span><\/span><span class=\"xr_tl xr_kern xr_s44\"><span class=\"xr_s44\">Die berechnete Gleitzahl von 47 kann erreicht werden .<\/span><\/span><span class=\"xr_tl xr_kern xr_s44\"><span class=\"xr_s44\"><br \/>\n<\/span><\/span><\/p>\n<figure id=\"attachment_29\" aria-describedby=\"caption-attachment-29\" style=\"width: 500px\" class=\"wp-caption aligncenter\"><img loading=\"lazy\" decoding=\"async\" class=\"wp-image-29 size-full\" src=\"http:\/\/silentflight-desie.eu\/wp-content\/uploads\/2018\/10\/xflr5.png\" alt=\"\" width=\"500\" height=\"266\" srcset=\"https:\/\/silentflight-desie.eu\/wp-content\/uploads\/2018\/10\/xflr5.png 500w, https:\/\/silentflight-desie.eu\/wp-content\/uploads\/2018\/10\/xflr5-300x160.png 300w\" sizes=\"auto, (max-width: 500px) 100vw, 500px\" \/><figcaption id=\"caption-attachment-29\" class=\"wp-caption-text\">CAD Modell f\u00fcr die aerodynamische Auslegung in XFLR5<\/figcaption><\/figure>\n<p style=\"text-align: left;\"><span class=\"xr_tl xr_kern xr_s44\"><span class=\"xr_s44\">Bei einer untypischen H\u00f6henleitwerks<\/span><\/span><span class=\"xr_tl xr_kern xr_s44\"><span class=\"xr_s44\">anordnung wie in unserem Entwurf, bieten <\/span><\/span> <span class=\"xr_tl xr_kern xr_s44\"><span class=\"xr_s44\">sich weitere innovative L\u00f6sungen im <\/span><\/span> <span class=\"xr_tl xr_kern xr_s44\"><span class=\"xr_s44\">Gesamtkonzept an. <\/span><\/span> <span class=\"xr_tl xr_kern xr_s44\"><span class=\"xr_s44\">So wird die Steuerung um die Hochachse <\/span><\/span><span class=\"xr_tl xr_kern xr_s44\"><span class=\"xr_s44\">durch Widerstandsruder im <\/span><\/span> <span class=\"xr_tl xr_kern xr_s44\"><span class=\"xr_s44\">Au\u00dfenbereich der Tragfl\u00fcgel erfolgen.<\/span><\/span> <span class=\"xr_tl xr_kern xr_s44\"><span class=\"xr_s44\">Die Querruder werden mit Hilfe von Spoilerons wirkungsvoll unterst\u00fctzt.<\/span><\/span><\/p>","protected":false},"excerpt":{"rendered":"<p>Unser Flugzeug wurde mit verschiedenen Computerprogrammen auf geringstes Sinken optimiert, um mit minimaler Leistung gro\u00dfe Strecken zur\u00fcckzulegen. Die berechnete Gleitzahl von 47 kann erreicht werden . Bei einer untypischen H\u00f6henleitwerksanordnung wie in unserem Entwurf, bieten sich weitere innovative L\u00f6sungen im Gesamtkonzept an. So wird die Steuerung um die Hochachse durch Widerstandsruder im Au\u00dfenbereich der Tragfl\u00fcgel &hellip; <\/p>\n<p class=\"link-more\"><a href=\"https:\/\/silentflight-desie.eu\/en\/aerodynamik-und-steuerung\/\" class=\"more-link\">Continue reading<span class=\"screen-reader-text\"> &#8222;Aerodynamik und Steuerung&#8220;<\/span><\/a><\/p>","protected":false},"author":1,"featured_media":0,"parent":0,"menu_order":0,"comment_status":"closed","ping_status":"closed","template":"","meta":{"footnotes":""},"class_list":["post-7","page","type-page","status-publish","hentry"],"_links":{"self":[{"href":"https:\/\/silentflight-desie.eu\/en\/wp-json\/wp\/v2\/pages\/7","targetHints":{"allow":["GET"]}}],"collection":[{"href":"https:\/\/silentflight-desie.eu\/en\/wp-json\/wp\/v2\/pages"}],"about":[{"href":"https:\/\/silentflight-desie.eu\/en\/wp-json\/wp\/v2\/types\/page"}],"author":[{"embeddable":true,"href":"https:\/\/silentflight-desie.eu\/en\/wp-json\/wp\/v2\/users\/1"}],"replies":[{"embeddable":true,"href":"https:\/\/silentflight-desie.eu\/en\/wp-json\/wp\/v2\/comments?post=7"}],"version-history":[{"count":18,"href":"https:\/\/silentflight-desie.eu\/en\/wp-json\/wp\/v2\/pages\/7\/revisions"}],"predecessor-version":[{"id":207,"href":"https:\/\/silentflight-desie.eu\/en\/wp-json\/wp\/v2\/pages\/7\/revisions\/207"}],"wp:attachment":[{"href":"https:\/\/silentflight-desie.eu\/en\/wp-json\/wp\/v2\/media?parent=7"}],"curies":[{"name":"wp","href":"https:\/\/api.w.org\/{rel}","templated":true}]}}